{"id":2144,"date":"2021-12-27T12:09:25","date_gmt":"2021-12-27T10:09:25","guid":{"rendered":"http:\/\/datoriumbefore.lionssolution.com\/privatuma-politika\/"},"modified":"2022-08-19T18:37:16","modified_gmt":"2022-08-19T15:37:16","slug":"privacy-policy","status":"publish","type":"page","link":"https:\/\/datoriumbefore.lionssolution.com\/lv\/privacy-policy\/","title":{"rendered":"Priv\u0101tuma politika"},"content":{"rendered":"<div data-elementor-type=\"wp-page\" data-elementor-id=\"2144\" class=\"elementor elementor-2144\">\n\t\t\t\t\t\t<section class=\"elementor-section elementor-top-section elementor-element elementor-element-43357a3b elementor-section-boxed elementor-section-height-default elementor-section-height-default\" data-id=\"43357a3b\" data-element_type=\"section\" data-e-type=\"section\">\n\t\t\t\t\t\t<div class=\"elementor-container elementor-column-gap-default\">\n\t\t\t\t\t<div class=\"elementor-column elementor-col-100 elementor-top-column elementor-element elementor-element-5789def5\" data-id=\"5789def5\" data-element_type=\"column\" data-e-type=\"column\">\n\t\t\t<div class=\"elementor-widget-wrap elementor-element-populated\">\n\t\t\t\t\t\t<div class=\"elementor-element elementor-element-62e3f996 elementor-widget elementor-widget-heading\" data-id=\"62e3f996\" data-element_type=\"widget\" data-e-type=\"widget\" data-widget_type=\"heading.default\">\n\t\t\t\t<div class=\"elementor-widget-container\">\n\t\t\t\t\t<h1 class=\"elementor-heading-title elementor-size-default\">Priv\u0101tuma politika<\/h1>\t\t\t\t<\/div>\n\t\t\t\t<\/div>\n\t\t\t\t<div class=\"elementor-element elementor-element-aa61e59 elementor-widget elementor-widget-text-editor\" data-id=\"aa61e59\" data-element_type=\"widget\" data-e-type=\"widget\" data-widget_type=\"text-editor.default\">\n\t\t\t\t<div class=\"elementor-widget-container\">\n\t\t\t\t\t\t\t\t\t<p>This privacy policy informs about privacy practices and personal data processing principles related to Datorium website and services. To contact us regarding data processing issues, please email hello@datorium.eu<\/p><h4><strong>K\u0101du inform\u0101ciju m\u0113s ieg\u016bstam?<\/strong><\/h4><p>We collect personal data that you voluntarily provide to us through e-mail, web-based questionnaires and other direct communications with you. When submitting an order, you must provide your name, contact information, student data and other information you wish to provide.<\/p><h4><strong>K\u0101 m\u0113s izmantojam ieg\u016btos personas datus?<\/strong><\/h4><p>M\u0113s varam izmantot ieg\u016btos personas datus, lai<\/p><ul><li>sniegtu jums j\u016bsu piepras\u012btos pakalpojumus un inform\u0101ciju,<\/li><li>apstr\u0101d\u0101tu j\u016bsu pas\u016bt\u012bjumus un noform\u0113tu nepiecie\u0161amos dokumentus,<\/li><li>sniegtu jums efekt\u012bvu klientu atbalstu,<\/li><li>sniegtu jums efekt\u012bvu klientu atbalstu,<\/li><li>nos\u016bt\u012btu jums informat\u012bvus zi\u0146ojumus, ja esat nep\u0101rprotami piekritu\u0161i t\u0101dus sa\u0146emt,<\/li><li>iev\u0113rotu normat\u012bvo aktu pras\u012bbas.<\/li><\/ul><p>M\u0113s varam nodot j\u016bsu inform\u0101ciju tre\u0161aj\u0101m person\u0101m, lai iev\u0113rotu normat\u012bvo aktu pras\u012bbas, sadarbotos ar uzraudz\u012bbas iest\u0101d\u0113m, pal\u012bdz\u0113tu nov\u0113rstu noziedz\u012bgas darb\u012bbas un aizsarg\u0101tu m\u016bsu, j\u016bsu un citu personu likum\u012bg\u0101s ties\u012bbas.<\/p><div class=\"nobreak\"><h4><strong>K\u0101 m\u0113s aizsarg\u0101jam personas datus?<\/strong><\/h4><p>J\u016bsu personas datu aizsardz\u012bbai m\u0113s izmantojam da\u017e\u0101dus tehniskus un organizatoriskus dro\u0161\u012bbas pas\u0101kumus. J\u016bsu personas dati ir pieejami ierobe\u017eotam cilv\u0113ku skaitam, tikai pilnvarot\u0101m person\u0101m.<\/p><\/div><h4><strong>Cik ilgi m\u0113s glab\u0101jam personas datus?<\/strong><\/h4><p>M\u0113s glab\u0101jam j\u016bsu personas datus tik ilgi, cik ilgi tie ir mums nepiecie\u0161ami atbilsto\u0161i to ieguves m\u0113r\u0137im un k\u0101 to pie\u013cauj vai nosaka normat\u012bvo aktu pras\u012bbas.<\/p><h4><strong>K\u0101 m\u0113s izmantojam s\u012bkdatnes?<\/strong><\/h4><p>S\u012bkdatnes ir nelielas teksta datnes, ko j\u016bsu apmekl\u0113t\u0101s m\u0101jas lapas saglab\u0101 j\u016bsu dator\u0101. T\u0101s tiek izmantotas, lai nodro\u0161in\u0101tu m\u0101jas lapas darb\u012bbu, k\u0101 ar\u012b lai sniegtu inform\u0101ciju vietnes \u012bpa\u0161niekiem.<\/p><p>\u0160\u012b m\u0101jas lapa var iestat\u012bt sekojo\u0161as s\u012bkdatnes:<\/p><ul><li><strong>Functional cookies.<\/strong> These cookies are necessary for you to be able to navigate the website and use its functions. Without these cookies, we cannot provide the services you request, such as shopping cart functionality.<\/li><li><strong>Google Analytics cookies.<\/strong> These cookies are used to obtain visit statistics of our website. We use this information to improve website performance and advertising efforts.<\/li><li><strong>Targeted advertising tool cookies.<\/strong> These cookies are used to increase the effectiveness of advertising and to display advertisements that are likely to be of most interest to you.<\/li><li><strong>Third-party service provider cookies.<\/strong> Cookies can be set by the following third-party services used on this website: Facebook &#8220;Like&#8221; button, YouTube video, etc. Some of these cookies may be used to track your activities on other websites and we cannot control them because these cookies are not set by our website.<\/li><\/ul><h4><strong>K\u0101 atteikties no s\u012bkdatn\u0113m?<\/strong><\/h4><p>Lai atteiktos no s\u012bkdat\u0146u sa\u0146em\u0161anas, j\u016bs varat izmantojot priv\u0101t\u0101s p\u0101rl\u016bko\u0161anas re\u017e\u012bmu, kuru nodro\u0161ina liel\u0101k\u0101 da\u013ca p\u0101rl\u016bkprogrammu (priv\u0101ts logs, inkognito logs vai InPrivate logs). Jebk\u0101das s\u012bkdatnes, kas tiek izveidotas, darbojoties priv\u0101t\u0101s p\u0101rl\u016bko\u0161anas re\u017e\u012bm\u0101, tiek dz\u0113stas, tikl\u012bdz j\u016bs aizverat visus p\u0101rl\u016bka logus.<\/p><p>Lai atteiktos no m\u0113r\u0137\u0113tas rekl\u0101mas r\u0101d\u012b\u0161anai nepiecie\u0161am\u0101s inform\u0101cijas ieg\u016b\u0161anas un lieto\u0161anas, j\u016bs varat izmantot bezmaksas r\u012bku Your Online Choices vai YourAdChoices.<\/p><div class=\"nobreak\"><h4><strong>J\u016bsu ties\u012bbas saist\u012bb\u0101 ar j\u016bsu personas datiem<\/strong><\/h4><p>Ja j\u016bs esat datu subjekts saska\u0146\u0101 ar ES VDAR (piem\u0113ram, j\u016bs esat ES pilsonis un sniedzat mums savus personas datus), jums ir turpm\u0101k min\u0113t\u0101s ties\u012bbas saist\u012bb\u0101 ar saviem personas datiem:<\/p><\/div><ul><li><strong>Right of access to information.<\/strong> You have the right to receive information about why and how your personal data is processed. You have the right to receive, free of charge, a copy of your personal data held by us in a commonly used electronic format.<\/li><li><strong>Right to correct.<\/strong> You have the right to have inaccurate or incomplete personal data corrected or supplemented without undue delay.<\/li><li><strong>The right to be forgotten.<\/strong> You have the right to withdraw your consent to the processing of personal data and to have your personal data deleted without undue delay as soon as the data is no longer necessary to provide the services you have requested and comply with the requirements of regulatory acts.<\/li><li><strong>The right to restrict processing.<\/strong> You have the right to obtain the restriction of the processing of your personal data if you object to it and we have no legitimate grounds for continuing the processing, if you dispute the accuracy of the data, if the processing is unlawful or if you request to bring, exercise or defend legal claims.<\/li><li><strong>The right objects.<\/strong> You have the right to object to data processing at any time, unless it is necessary for a task carried out in the public interest or there is an indisputably legitimate basis for the processing.<\/li><li><strong>Other rights under the GDPR.<\/strong> For more information, visit the EU data protection website.<\/li><\/ul>\t\t\t\t\t\t\t\t<\/div>\n\t\t\t\t<\/div>\n\t\t\t\t\t<\/div>\n\t\t<\/div>\n\t\t\t\t\t<\/div>\n\t\t<\/section>\n\t\t\t\t<\/div>","protected":false},"excerpt":{"rendered":"<p>This privacy policy informs about privacy practices and personal data processing principles related to Datorium website and services. To contact us regarding data processing issues, please email hello@datorium.eu What information do we collect? We collect personal data that you voluntarily provide to us through e-mail, web-based questionnaires and other direct communications with you. When submitting &hellip;<\/p>\n<p class=\"read-more\"> <a class=\"\" href=\"https:\/\/datoriumbefore.lionssolution.com\/lv\/privacy-policy\/\"> <span class=\"screen-reader-text\">Priv\u0101tuma politika<\/span> Read More &raquo;<\/a><\/p>","protected":false},"author":1,"featured_media":0,"parent":0,"menu_order":0,"comment_status":"closed","ping_status":"closed","template":"","meta":{"site-sidebar-layout":"no-sidebar","site-content-layout":"page-builder","ast-global-header-display":"","ast-main-header-display":"","ast-hfb-above-header-display":"","ast-hfb-below-header-display":"","ast-hfb-mobile-header-display":"","site-post-title":"disabled","ast-breadcrumbs-content":"","ast-featured-img":"disabled","footer-sml-layout":"","theme-transparent-header-meta":"","adv-header-id-meta":"","stick-header-meta":"","header-above-stick-meta":"","header-main-stick-meta":"","header-below-stick-meta":"","footnotes":""},"class_list":["post-2144","page","type-page","status-publish","hentry"],"yoast_head":"<!-- This site is optimized with the Yoast SEO plugin v27.5 - https:\/\/yoast.com\/product\/yoast-seo-wordpress\/ -->\n<title>Privacy Policy - Datorium<\/title>\n<meta name=\"robots\" content=\"noindex, follow, max-snippet:-1, max-image-preview:large, max-video-preview:-1\" \/>\n<meta property=\"og:locale\" content=\"lv_LV\" \/>\n<meta property=\"og:type\" content=\"article\" \/>\n<meta property=\"og:title\" content=\"Privacy Policy - Datorium\" \/>\n<meta property=\"og:description\" content=\"This privacy policy informs about privacy practices and personal data processing principles related to Datorium website and services. To contact us regarding data processing issues, please email hello@datorium.eu What information do we collect? We collect personal data that you voluntarily provide to us through e-mail, web-based questionnaires and other direct communications with you. When submitting &hellip; Privacy Policy Read More &raquo;\" \/>\n<meta property=\"og:url\" content=\"https:\/\/datoriumbefore.lionssolution.com\/lv\/privacy-policy\/\" \/>\n<meta property=\"og:site_name\" content=\"Datorium\" \/>\n<meta property=\"article:modified_time\" content=\"2022-08-19T15:37:16+00:00\" \/>\n<meta name=\"twitter:card\" content=\"summary_large_image\" \/>\n<meta name=\"twitter:label1\" content=\"Est. reading time\" \/>\n\t<meta name=\"twitter:data1\" content=\"4 min\u016btes\" \/>\n<script type=\"application\/ld+json\" class=\"yoast-schema-graph\">{\"@context\":\"https:\\\/\\\/schema.org\",\"@graph\":[{\"@type\":\"WebPage\",\"@id\":\"https:\\\/\\\/datoriumbefore.lionssolution.com\\\/privacy-policy\\\/\",\"url\":\"https:\\\/\\\/datoriumbefore.lionssolution.com\\\/privacy-policy\\\/\",\"name\":\"Privacy Policy - Datorium\",\"isPartOf\":{\"@id\":\"https:\\\/\\\/datoriumbefore.lionssolution.com\\\/#website\"},\"datePublished\":\"2021-12-27T10:09:25+00:00\",\"dateModified\":\"2022-08-19T15:37:16+00:00\",\"inLanguage\":\"lv-LV\",\"potentialAction\":[{\"@type\":\"ReadAction\",\"target\":[\"https:\\\/\\\/datoriumbefore.lionssolution.com\\\/privacy-policy\\\/\"]}]},{\"@type\":\"WebSite\",\"@id\":\"https:\\\/\\\/datoriumbefore.lionssolution.com\\\/#website\",\"url\":\"https:\\\/\\\/datoriumbefore.lionssolution.com\\\/\",\"name\":\"Datorium\",\"description\":\"\",\"publisher\":{\"@id\":\"https:\\\/\\\/datoriumbefore.lionssolution.com\\\/#organization\"},\"potentialAction\":[{\"@type\":\"SearchAction\",\"target\":{\"@type\":\"EntryPoint\",\"urlTemplate\":\"https:\\\/\\\/datoriumbefore.lionssolution.com\\\/?s={search_term_string}\"},\"query-input\":{\"@type\":\"PropertyValueSpecification\",\"valueRequired\":true,\"valueName\":\"search_term_string\"}}],\"inLanguage\":\"lv-LV\"},{\"@type\":\"Organization\",\"@id\":\"https:\\\/\\\/datoriumbefore.lionssolution.com\\\/#organization\",\"name\":\"Datorium\",\"url\":\"https:\\\/\\\/datoriumbefore.lionssolution.com\\\/\",\"logo\":{\"@type\":\"ImageObject\",\"inLanguage\":\"lv-LV\",\"@id\":\"https:\\\/\\\/datoriumbefore.lionssolution.com\\\/#\\\/schema\\\/logo\\\/image\\\/\",\"url\":\"https:\\\/\\\/datoriumbefore.lionssolution.com\\\/wp-content\\\/uploads\\\/2021\\\/12\\\/datorium_logo_white.png\",\"contentUrl\":\"https:\\\/\\\/datoriumbefore.lionssolution.com\\\/wp-content\\\/uploads\\\/2021\\\/12\\\/datorium_logo_white.png\",\"width\":618,\"height\":134,\"caption\":\"Datorium\"},\"image\":{\"@id\":\"https:\\\/\\\/datoriumbefore.lionssolution.com\\\/#\\\/schema\\\/logo\\\/image\\\/\"}}]}<\/script>\n<!-- \/ Yoast SEO plugin. -->","yoast_head_json":{"title":"Privacy Policy - Datorium","robots":{"index":"noindex","follow":"follow","max-snippet":"max-snippet:-1","max-image-preview":"max-image-preview:large","max-video-preview":"max-video-preview:-1"},"og_locale":"lv_LV","og_type":"article","og_title":"Privacy Policy - Datorium","og_description":"This privacy policy informs about privacy practices and personal data processing principles related to Datorium website and services. To contact us regarding data processing issues, please email hello@datorium.eu What information do we collect? We collect personal data that you voluntarily provide to us through e-mail, web-based questionnaires and other direct communications with you. When submitting &hellip; Privacy Policy Read More &raquo;","og_url":"https:\/\/datoriumbefore.lionssolution.com\/lv\/privacy-policy\/","og_site_name":"Datorium","article_modified_time":"2022-08-19T15:37:16+00:00","twitter_card":"summary_large_image","twitter_misc":{"Est. reading time":"4 min\u016btes"},"schema":{"@context":"https:\/\/schema.org","@graph":[{"@type":"WebPage","@id":"https:\/\/datoriumbefore.lionssolution.com\/privacy-policy\/","url":"https:\/\/datoriumbefore.lionssolution.com\/privacy-policy\/","name":"Privacy Policy - Datorium","isPartOf":{"@id":"https:\/\/datoriumbefore.lionssolution.com\/#website"},"datePublished":"2021-12-27T10:09:25+00:00","dateModified":"2022-08-19T15:37:16+00:00","inLanguage":"lv-LV","potentialAction":[{"@type":"ReadAction","target":["https:\/\/datoriumbefore.lionssolution.com\/privacy-policy\/"]}]},{"@type":"WebSite","@id":"https:\/\/datoriumbefore.lionssolution.com\/#website","url":"https:\/\/datoriumbefore.lionssolution.com\/","name":"Datorium","description":"","publisher":{"@id":"https:\/\/datoriumbefore.lionssolution.com\/#organization"},"potentialAction":[{"@type":"SearchAction","target":{"@type":"EntryPoint","urlTemplate":"https:\/\/datoriumbefore.lionssolution.com\/?s={search_term_string}"},"query-input":{"@type":"PropertyValueSpecification","valueRequired":true,"valueName":"search_term_string"}}],"inLanguage":"lv-LV"},{"@type":"Organization","@id":"https:\/\/datoriumbefore.lionssolution.com\/#organization","name":"Datorium","url":"https:\/\/datoriumbefore.lionssolution.com\/","logo":{"@type":"ImageObject","inLanguage":"lv-LV","@id":"https:\/\/datoriumbefore.lionssolution.com\/#\/schema\/logo\/image\/","url":"https:\/\/datoriumbefore.lionssolution.com\/wp-content\/uploads\/2021\/12\/datorium_logo_white.png","contentUrl":"https:\/\/datoriumbefore.lionssolution.com\/wp-content\/uploads\/2021\/12\/datorium_logo_white.png","width":618,"height":134,"caption":"Datorium"},"image":{"@id":"https:\/\/datoriumbefore.lionssolution.com\/#\/schema\/logo\/image\/"}}]}},"_links":{"self":[{"href":"https:\/\/datoriumbefore.lionssolution.com\/lv\/wp-json\/wp\/v2\/pages\/2144","targetHints":{"allow":["GET"]}}],"collection":[{"href":"https:\/\/datoriumbefore.lionssolution.com\/lv\/wp-json\/wp\/v2\/pages"}],"about":[{"href":"https:\/\/datoriumbefore.lionssolution.com\/lv\/wp-json\/wp\/v2\/types\/page"}],"author":[{"embeddable":true,"href":"https:\/\/datoriumbefore.lionssolution.com\/lv\/wp-json\/wp\/v2\/users\/1"}],"replies":[{"embeddable":true,"href":"https:\/\/datoriumbefore.lionssolution.com\/lv\/wp-json\/wp\/v2\/comments?post=2144"}],"version-history":[{"count":30,"href":"https:\/\/datoriumbefore.lionssolution.com\/lv\/wp-json\/wp\/v2\/pages\/2144\/revisions"}],"predecessor-version":[{"id":5816,"href":"https:\/\/datoriumbefore.lionssolution.com\/lv\/wp-json\/wp\/v2\/pages\/2144\/revisions\/5816"}],"wp:attachment":[{"href":"https:\/\/datoriumbefore.lionssolution.com\/lv\/wp-json\/wp\/v2\/media?parent=2144"}],"curies":[{"name":"wp","href":"https:\/\/api.w.org\/{rel}","templated":true}]}}