{"id":2144,"date":"2021-12-27T12:09:25","date_gmt":"2021-12-27T10:09:25","guid":{"rendered":"http:\/\/datoriumbefore.lionssolution.com\/privatuma-politika\/"},"modified":"2022-08-19T18:37:16","modified_gmt":"2022-08-19T15:37:16","slug":"privacy-policy","status":"publish","type":"page","link":"https:\/\/datoriumbefore.lionssolution.com\/lt\/privacy-policy\/","title":{"rendered":"Privatumo politika"},"content":{"rendered":"<div data-elementor-type=\"wp-page\" data-elementor-id=\"2144\" class=\"elementor elementor-2144\">\n\t\t\t\t\t\t<section class=\"elementor-section elementor-top-section elementor-element elementor-element-43357a3b elementor-section-boxed elementor-section-height-default elementor-section-height-default\" data-id=\"43357a3b\" data-element_type=\"section\" data-e-type=\"section\">\n\t\t\t\t\t\t<div class=\"elementor-container elementor-column-gap-default\">\n\t\t\t\t\t<div class=\"elementor-column elementor-col-100 elementor-top-column elementor-element elementor-element-5789def5\" data-id=\"5789def5\" data-element_type=\"column\" data-e-type=\"column\">\n\t\t\t<div class=\"elementor-widget-wrap elementor-element-populated\">\n\t\t\t\t\t\t<div class=\"elementor-element elementor-element-62e3f996 elementor-widget elementor-widget-heading\" data-id=\"62e3f996\" data-element_type=\"widget\" data-e-type=\"widget\" data-widget_type=\"heading.default\">\n\t\t\t\t<div class=\"elementor-widget-container\">\n\t\t\t\t\t<h1 class=\"elementor-heading-title elementor-size-default\">Privatumo politika<\/h1>\t\t\t\t<\/div>\n\t\t\t\t<\/div>\n\t\t\t\t<div class=\"elementor-element elementor-element-aa61e59 elementor-widget elementor-widget-text-editor\" data-id=\"aa61e59\" data-element_type=\"widget\" data-e-type=\"widget\" data-widget_type=\"text-editor.default\">\n\t\t\t\t<div class=\"elementor-widget-container\">\n\t\t\t\t\t\t\t\t\t<p>\u0160i privatumo politika informuoja apie privatumo praktik\u0105 ir asmens duomen\u0173 tvarkymo principus, susijusius su Datorium svetaine ir paslaugomis. Nor\u0117dami susisiekti su mumis d\u0117l duomen\u0173 tvarkymo klausim\u0173, ra\u0161ykite el. pa\u0161tu hello@datorium.eu<\/p><h4><strong>Koki\u0105 informacij\u0105 renkame?<\/strong><\/h4><p>Mes renkame asmens duomenis, kuriuos savanori\u0161kai pateikiate mums el. pa\u0161tu, internetiniais klausimynais ir kitais tiesioginiais su jumis susisiekimo b\u016bdais. Pateikdami u\u017esakym\u0105 turite nurodyti savo vard\u0105, pavard\u0119, kontaktin\u0119 informacij\u0105, studento duomenis ir kit\u0105 norim\u0105 pateikti informacij\u0105.<\/p><h4><strong>Kaip naudojame surinktus asmens duomenis?<\/strong><\/h4><p>Surinktus asmens duomenis galime panaudoti<\/p><ul><li>suteikti jums j\u016bs\u0173 pra\u0161omas paslaugas ir informacij\u0105,<\/li><li>apdoroti u\u017esakymus ir u\u017epildyti reikiamus dokumentus,<\/li><li>suteikti jums veiksming\u0105 klient\u0173 aptarnavim\u0105,<\/li><li>pad\u0117ti i\u0161vengti gr\u0117smi\u0173 ar nes\u0105\u017einingos veiklos,<\/li><li>si\u0173sti jums informacinius prane\u0161imus, jei ai\u0161kiai sutikote juos gauti,<\/li><li>atitikti normini\u0173 akt\u0173 reikalavimus.<\/li><\/ul><p>Mes galime dalytis j\u016bs\u0173 informacija su tre\u010diosiomis \u0161alimis siekdami laikytis reguliavimo reikalavim\u0173, bendradarbiauti su reguliavimo institucijomis, pad\u0117ti u\u017ekirsti keli\u0105 nusikalstamai veiklai ir apsaugoti savo, j\u016bs\u0173 ir kit\u0173 asmen\u0173 teises.<\/p><div class=\"nobreak\"><h4><strong>Kaip mes saugome asmens duomenis?<\/strong><\/h4><p>Siekdami apsaugoti J\u016bs\u0173 asmens duomenis, naudojame \u012fvairias technines ir organizacines saugumo priemones. J\u016bs\u0173 asmens duomenys prieinami ribotam \u017emoni\u0173 skai\u010diui, tik \u012fgaliotiems asmenims.<\/p><\/div><h4><strong>Kiek laiko saugome asmens duomenis?<\/strong><\/h4><p>J\u016bs\u0173 asmens duomenis saugome tiek, kiek mums j\u0173 reikia pagal j\u0173 gavimo tiksl\u0105 ir kiek leid\u017eia ar nustato normini\u0173 akt\u0173 reikalavimai.<\/p><h4><strong>Kaip naudojame slapukus?<\/strong><\/h4><p>Slapukai yra ma\u017ei tekstiniai failai, kuriuos lankomos svetain\u0117s i\u0161saugo j\u016bs\u0173 kompiuteryje. Jie naudojami siekiant u\u017etikrinti svetain\u0117s funkcionavim\u0105, taip pat teikti informacij\u0105 svetain\u0117s savininkams.<\/p><p>\u0160i svetain\u0117 gali nustatyti \u0161iuos slapukus:<\/p><ul><li><strong>Funkciniai slapukai.<\/strong> \u0160ie slapukai reikalingi, kad gal\u0117tum\u0117te nar\u0161yti svetain\u0117je ir naudotis jos funkcijomis. Be \u0161i\u0173 slapuk\u0173 negal\u0117sime teikti j\u016bs\u0173 pageidaujam\u0173 paslaug\u0173, toki\u0173 kaip pirkini\u0173 krep\u0161elio funkcijos.<\/li><li><strong>Google Analytics slapukai.<\/strong> \u0160ie slapukai naudojami m\u016bs\u0173 svetain\u0117s apsilankym\u0173 statistikai gauti. \u0160i\u0105 informacij\u0105 naudojame siekdami pagerinti svetain\u0117s na\u0161um\u0105 ir reklamos pastangas.<\/li><li><strong>Tikslin\u0117s reklamos \u012franki\u0173 slapukai.<\/strong> \u0160ie slapukai naudojami siekiant padidinti reklamos efektyvum\u0105 ir rodyti skelbimus, kurie grei\u010diausiai jus domina.<\/li><li><strong>Tre\u010di\u0173j\u0173 \u0161ali\u0173 paslaug\u0173 teik\u0117j\u0173 slapukai.<\/strong> Slapukus gali nustatyti \u0161ios \u0161ioje svetain\u0117je naudojamos tre\u010di\u0173j\u0173 \u0161ali\u0173 paslaugos: Facebook mygtukas \u201ePatinka\u201c, YouTube vaizdo \u012fra\u0161as ir kt. Kai kurie i\u0161 \u0161i\u0173 slapuk\u0173 gali b\u016bti naudojami j\u016bs\u0173 veiklai kitose svetain\u0117se sekti ir mes negalime j\u0173 kontroliuoti, nes \u0161i\u0173 slapuk\u0173 m\u016bs\u0173 svetain\u0117 nenustato.<\/li><\/ul><h4><strong>Kaip atsisakyti slapuk\u0173?<\/strong><\/h4><p>Nor\u0117dami atsisakyti slapuk\u0173 gavimo, galite naudoti daugumos nar\u0161ykli\u0173 teikiam\u0105 privataus nar\u0161ymo re\u017eim\u0105 (privat\u0173 lang\u0105, inkognito lang\u0105 arba InPrivate lang\u0105). Visi slapukai, sukurti naudojant privataus nar\u0161ymo re\u017eim\u0105, i\u0161trinami, kai tik u\u017edarote visus nar\u0161ykl\u0117s langus.<\/p><p>Naudodami nemokam\u0105 \u012frank\u012f \u201eYour Online Choices\u201c arba \u201eYourAdChoices\u201c galite atsisakyti informacijos, reikalingos tikslinei reklamai teikti, rinkimo ir naudojimo.<\/p><div class=\"nobreak\"><h4><strong>J\u016bs\u0173 teis\u0117s, susijusios su j\u016bs\u0173 asmens duomenimis<\/strong><\/h4><p>Jei esate duomen\u0173 subjektas pagal ES BDAR (pavyzd\u017eiui, esate ES pilietis ir pateikiate mums savo asmens duomenis), turite \u0161ias teises, susijusias su savo asmens duomenimis:<\/p><\/div><ul><li><strong>Teis\u0117 susipa\u017einti su informacija.<\/strong> J\u016bs turite teis\u0119 gauti informacij\u0105 apie tai, kod\u0117l ir kaip yra tvarkomi J\u016bs\u0173 asmens duomenys. J\u016bs turite teis\u0119 nemokamai gauti m\u016bs\u0173 turim\u0173 savo asmens duomen\u0173 kopij\u0105 \u012fprastai naudojamu elektroniniu formatu.<\/li><li><strong>Teis\u0117 taisyti.<\/strong> J\u016bs turite teis\u0119 reikalauti, kad netiksl\u016bs ar nei\u0161sam\u016bs asmens duomenys b\u016bt\u0173 nedelsiant i\u0161taisyti arba papildyti.<\/li><li><strong>Teis\u0117 b\u016bti pamir\u0161tam.<\/strong> J\u016bs turite teis\u0119 be nepagr\u012fsto delsimo at\u0161aukti savo sutikim\u0105 tvarkyti asmens duomenis ir reikalauti, kad J\u016bs\u0173 asmens duomenys b\u016bt\u0173 i\u0161trinti, kai tik duomenys nebereikalingi J\u016bs\u0173 pra\u0161omoms paslaugoms teikti ir normini\u0173 akt\u0173 reikalavimams vykdyti.<\/li><li><strong>Teis\u0117 apriboti tvarkym\u0105.<\/strong> J\u016bs\u0173 asmens duomen\u0173 tvarkymas, jei tam prie\u0161taraujate ir mes neturime teis\u0117to pagrindo t\u0119sti duomen\u0173 tvarkymo, jei gin\u010dijate duomen\u0173 tikslum\u0105, jei tvarkymas yra neteis\u0117tas arba jei pra\u0161ote pareik\u0161ti, \u012fgyvendinti ar apginti teisinius reikalavimus.<\/li><li><strong>Tinkami objektai.<\/strong> J\u016bs turite teis\u0119 bet kada nesutikti, kad duomenys b\u016bt\u0173 tvarkomi, i\u0161skyrus atvejus, kai tai yra b\u016btina visuomen\u0117s interesais vykdomai u\u017eduo\u010diai arba yra negin\u010dijamai teis\u0117tas duomen\u0173 tvarkymo pagrindas.<\/li><li><strong>Kitos teis\u0117s pagal BDAR.<\/strong> Nor\u0117dami gauti daugiau informacijos, apsilankykite ES duomen\u0173 apsaugos svetain\u0117je.<\/li><\/ul>\t\t\t\t\t\t\t\t<\/div>\n\t\t\t\t<\/div>\n\t\t\t\t\t<\/div>\n\t\t<\/div>\n\t\t\t\t\t<\/div>\n\t\t<\/section>\n\t\t\t\t<\/div>","protected":false},"excerpt":{"rendered":"<p>This privacy policy informs about privacy practices and personal data processing principles related to Datorium website and services. To contact us regarding data processing issues, please email hello@datorium.eu What information do we collect? We collect personal data that you voluntarily provide to us through e-mail, web-based questionnaires and other direct communications with you. When submitting &hellip;<\/p>\n<p class=\"read-more\"> <a class=\"\" href=\"https:\/\/datoriumbefore.lionssolution.com\/lt\/privacy-policy\/\"> <span class=\"screen-reader-text\">Privatumo politika<\/span> Skaityti daugiau &raquo;<\/a><\/p>","protected":false},"author":1,"featured_media":0,"parent":0,"menu_order":0,"comment_status":"closed","ping_status":"closed","template":"","meta":{"site-sidebar-layout":"no-sidebar","site-content-layout":"page-builder","ast-global-header-display":"","ast-main-header-display":"","ast-hfb-above-header-display":"","ast-hfb-below-header-display":"","ast-hfb-mobile-header-display":"","site-post-title":"disabled","ast-breadcrumbs-content":"","ast-featured-img":"disabled","footer-sml-layout":"","theme-transparent-header-meta":"","adv-header-id-meta":"","stick-header-meta":"","header-above-stick-meta":"","header-main-stick-meta":"","header-below-stick-meta":"","footnotes":""},"class_list":["post-2144","page","type-page","status-publish","hentry"],"yoast_head":"<!-- This site is optimized with the Yoast SEO plugin v27.5 - https:\/\/yoast.com\/product\/yoast-seo-wordpress\/ -->\n<title>Privacy Policy - Datorium<\/title>\n<meta name=\"robots\" content=\"noindex, follow, max-snippet:-1, max-image-preview:large, max-video-preview:-1\" \/>\n<meta property=\"og:locale\" content=\"lt_LT\" \/>\n<meta property=\"og:type\" content=\"article\" \/>\n<meta property=\"og:title\" content=\"Privacy Policy - Datorium\" \/>\n<meta property=\"og:description\" content=\"This privacy policy informs about privacy practices and personal data processing principles related to Datorium website and services. To contact us regarding data processing issues, please email hello@datorium.eu What information do we collect? We collect personal data that you voluntarily provide to us through e-mail, web-based questionnaires and other direct communications with you. When submitting &hellip; Privacy Policy Skaityti daugiau &raquo;\" \/>\n<meta property=\"og:url\" content=\"https:\/\/datoriumbefore.lionssolution.com\/lt\/privacy-policy\/\" \/>\n<meta property=\"og:site_name\" content=\"Datorium\" \/>\n<meta property=\"article:modified_time\" content=\"2022-08-19T15:37:16+00:00\" \/>\n<meta name=\"twitter:card\" content=\"summary_large_image\" \/>\n<meta name=\"twitter:label1\" content=\"Est. reading time\" \/>\n\t<meta name=\"twitter:data1\" content=\"4 minut\u0117s\" \/>\n<script type=\"application\/ld+json\" class=\"yoast-schema-graph\">{\"@context\":\"https:\\\/\\\/schema.org\",\"@graph\":[{\"@type\":\"WebPage\",\"@id\":\"https:\\\/\\\/datoriumbefore.lionssolution.com\\\/privacy-policy\\\/\",\"url\":\"https:\\\/\\\/datoriumbefore.lionssolution.com\\\/privacy-policy\\\/\",\"name\":\"Privacy Policy - Datorium\",\"isPartOf\":{\"@id\":\"https:\\\/\\\/datoriumbefore.lionssolution.com\\\/#website\"},\"datePublished\":\"2021-12-27T10:09:25+00:00\",\"dateModified\":\"2022-08-19T15:37:16+00:00\",\"inLanguage\":\"lt-LT\",\"potentialAction\":[{\"@type\":\"ReadAction\",\"target\":[\"https:\\\/\\\/datoriumbefore.lionssolution.com\\\/privacy-policy\\\/\"]}]},{\"@type\":\"WebSite\",\"@id\":\"https:\\\/\\\/datoriumbefore.lionssolution.com\\\/#website\",\"url\":\"https:\\\/\\\/datoriumbefore.lionssolution.com\\\/\",\"name\":\"Datorium\",\"description\":\"\",\"publisher\":{\"@id\":\"https:\\\/\\\/datoriumbefore.lionssolution.com\\\/#organization\"},\"potentialAction\":[{\"@type\":\"SearchAction\",\"target\":{\"@type\":\"EntryPoint\",\"urlTemplate\":\"https:\\\/\\\/datoriumbefore.lionssolution.com\\\/?s={search_term_string}\"},\"query-input\":{\"@type\":\"PropertyValueSpecification\",\"valueRequired\":true,\"valueName\":\"search_term_string\"}}],\"inLanguage\":\"lt-LT\"},{\"@type\":\"Organization\",\"@id\":\"https:\\\/\\\/datoriumbefore.lionssolution.com\\\/#organization\",\"name\":\"Datorium\",\"url\":\"https:\\\/\\\/datoriumbefore.lionssolution.com\\\/\",\"logo\":{\"@type\":\"ImageObject\",\"inLanguage\":\"lt-LT\",\"@id\":\"https:\\\/\\\/datoriumbefore.lionssolution.com\\\/#\\\/schema\\\/logo\\\/image\\\/\",\"url\":\"https:\\\/\\\/datoriumbefore.lionssolution.com\\\/wp-content\\\/uploads\\\/2021\\\/12\\\/datorium_logo_white.png\",\"contentUrl\":\"https:\\\/\\\/datoriumbefore.lionssolution.com\\\/wp-content\\\/uploads\\\/2021\\\/12\\\/datorium_logo_white.png\",\"width\":618,\"height\":134,\"caption\":\"Datorium\"},\"image\":{\"@id\":\"https:\\\/\\\/datoriumbefore.lionssolution.com\\\/#\\\/schema\\\/logo\\\/image\\\/\"}}]}<\/script>\n<!-- \/ Yoast SEO plugin. -->","yoast_head_json":{"title":"Privacy Policy - Datorium","robots":{"index":"noindex","follow":"follow","max-snippet":"max-snippet:-1","max-image-preview":"max-image-preview:large","max-video-preview":"max-video-preview:-1"},"og_locale":"lt_LT","og_type":"article","og_title":"Privacy Policy - Datorium","og_description":"This privacy policy informs about privacy practices and personal data processing principles related to Datorium website and services. To contact us regarding data processing issues, please email hello@datorium.eu What information do we collect? We collect personal data that you voluntarily provide to us through e-mail, web-based questionnaires and other direct communications with you. When submitting &hellip; Privacy Policy Skaityti daugiau &raquo;","og_url":"https:\/\/datoriumbefore.lionssolution.com\/lt\/privacy-policy\/","og_site_name":"Datorium","article_modified_time":"2022-08-19T15:37:16+00:00","twitter_card":"summary_large_image","twitter_misc":{"Est. reading time":"4 minut\u0117s"},"schema":{"@context":"https:\/\/schema.org","@graph":[{"@type":"WebPage","@id":"https:\/\/datoriumbefore.lionssolution.com\/privacy-policy\/","url":"https:\/\/datoriumbefore.lionssolution.com\/privacy-policy\/","name":"Privacy Policy - Datorium","isPartOf":{"@id":"https:\/\/datoriumbefore.lionssolution.com\/#website"},"datePublished":"2021-12-27T10:09:25+00:00","dateModified":"2022-08-19T15:37:16+00:00","inLanguage":"lt-LT","potentialAction":[{"@type":"ReadAction","target":["https:\/\/datoriumbefore.lionssolution.com\/privacy-policy\/"]}]},{"@type":"WebSite","@id":"https:\/\/datoriumbefore.lionssolution.com\/#website","url":"https:\/\/datoriumbefore.lionssolution.com\/","name":"Datorium","description":"","publisher":{"@id":"https:\/\/datoriumbefore.lionssolution.com\/#organization"},"potentialAction":[{"@type":"SearchAction","target":{"@type":"EntryPoint","urlTemplate":"https:\/\/datoriumbefore.lionssolution.com\/?s={search_term_string}"},"query-input":{"@type":"PropertyValueSpecification","valueRequired":true,"valueName":"search_term_string"}}],"inLanguage":"lt-LT"},{"@type":"Organization","@id":"https:\/\/datoriumbefore.lionssolution.com\/#organization","name":"Datorium","url":"https:\/\/datoriumbefore.lionssolution.com\/","logo":{"@type":"ImageObject","inLanguage":"lt-LT","@id":"https:\/\/datoriumbefore.lionssolution.com\/#\/schema\/logo\/image\/","url":"https:\/\/datoriumbefore.lionssolution.com\/wp-content\/uploads\/2021\/12\/datorium_logo_white.png","contentUrl":"https:\/\/datoriumbefore.lionssolution.com\/wp-content\/uploads\/2021\/12\/datorium_logo_white.png","width":618,"height":134,"caption":"Datorium"},"image":{"@id":"https:\/\/datoriumbefore.lionssolution.com\/#\/schema\/logo\/image\/"}}]}},"_links":{"self":[{"href":"https:\/\/datoriumbefore.lionssolution.com\/lt\/wp-json\/wp\/v2\/pages\/2144","targetHints":{"allow":["GET"]}}],"collection":[{"href":"https:\/\/datoriumbefore.lionssolution.com\/lt\/wp-json\/wp\/v2\/pages"}],"about":[{"href":"https:\/\/datoriumbefore.lionssolution.com\/lt\/wp-json\/wp\/v2\/types\/page"}],"author":[{"embeddable":true,"href":"https:\/\/datoriumbefore.lionssolution.com\/lt\/wp-json\/wp\/v2\/users\/1"}],"replies":[{"embeddable":true,"href":"https:\/\/datoriumbefore.lionssolution.com\/lt\/wp-json\/wp\/v2\/comments?post=2144"}],"version-history":[{"count":30,"href":"https:\/\/datoriumbefore.lionssolution.com\/lt\/wp-json\/wp\/v2\/pages\/2144\/revisions"}],"predecessor-version":[{"id":5816,"href":"https:\/\/datoriumbefore.lionssolution.com\/lt\/wp-json\/wp\/v2\/pages\/2144\/revisions\/5816"}],"wp:attachment":[{"href":"https:\/\/datoriumbefore.lionssolution.com\/lt\/wp-json\/wp\/v2\/media?parent=2144"}],"curies":[{"name":"wp","href":"https:\/\/api.w.org\/{rel}","templated":true}]}}